{"id":3,"date":"2020-09-14T09:35:14","date_gmt":"2020-09-14T12:35:14","guid":{"rendered":"http:\/\/abrasivoszanata.com.br\/loja\/?page_id=3"},"modified":"2024-05-10T11:37:02","modified_gmt":"2024-05-10T14:37:02","slug":"politica-de-privacidade","status":"publish","type":"page","link":"https:\/\/abrasivoszanata.com.br\/loja\/politica-de-privacidade\/","title":{"rendered":"Pol\u00edtica de privacidade"},"content":{"rendered":"<h2 class=\"wp-block-heading\"><strong>Pol\u00edtica de Privacidade e Prote\u00e7\u00e3o de Dados<\/strong><\/h2><p>Para a Abrasivos Zanata LTDA, a privacidade e a seguran\u00e7a constituem vertentes priorit\u00e1rias, e reafirmamos nosso compromisso com a integral transpar\u00eancia no processo de tratamento dos dados pessoais de nossos usu\u00e1rios e clientes. Desse modo, em conson\u00e2ncia com as diretrizes estabelecidas pela Lei Geral de Prote\u00e7\u00e3o de Dados (LGPD, Lei Federal n\u00ba 13.709\/2018) e pelo C\u00f3digo de Defesa do Consumidor (Lei n\u00ba 8.078\/1990), bem como em observ\u00e2ncia \u00e0s normativas complementares pertinentes \u00e0 prote\u00e7\u00e3o de dados e \u00e0 privacidade em vigor no territ\u00f3rio brasileiro, a presente Pol\u00edtica de Privacidade disciplina a gest\u00e3o dos dados pessoais angariados pela Abrasivos Zanata LTDA\u00a0 durante a realiza\u00e7\u00e3o de suas atividades comerciais e operacionais, delineando os m\u00e9todos adotados para a coleta, utiliza\u00e7\u00e3o e transfer\u00eancia das informa\u00e7\u00f5es pertencentes a clientes ou demais indiv\u00edduos que interajam com nosso site.<\/p><p>Esta Pol\u00edtica de Privacidade abrange como tratamos as informa\u00e7\u00f5es que coletamos de voc\u00ea em todas as intera\u00e7\u00f5es com nossa empresa, seja ao visitar nosso site ou contratar algum de nossos servi\u00e7os.<\/p><p>Ao utilizar nossos servi\u00e7os, voc\u00ea entende que coletaremos e usaremos suas informa\u00e7\u00f5es pessoais nas formas descritas nesta Pol\u00edtica, sob as normas de Prote\u00e7\u00e3o de Dados (LGPD, Lei Federal n\u00ba 13.709\/2018), das disposi\u00e7\u00f5es consumeristas da Lei Federal n\u00ba 8.078\/1990 e as demais normas do ordenamento jur\u00eddico brasileiro aplic\u00e1veis.<\/p><p>Retemos as informa\u00e7\u00f5es coletadas apenas pelo tempo necess\u00e1rio para fornecer o servi\u00e7o solicitado. Quando armazenamos dados, protegemos dentro de meios comercialmente aceit\u00e1veis \u200b\u200bpara evitar perdas e roubos, bem como acesso, divulga\u00e7\u00e3o, c\u00f3pia, uso ou modifica\u00e7\u00e3o n\u00e3o autorizados.<\/p><p>N\u00e3o compartilhamos informa\u00e7\u00f5es de identifica\u00e7\u00e3o pessoal publicamente ou com terceiros, exceto quando exigido por lei.<\/p><p>Nosso site pode possuir links para sites externos que n\u00e3o s\u00e3o operados por n\u00f3s. Esteja ciente de que n\u00e3o temos controle sobre o conte\u00fado e pr\u00e1ticas desses sites e n\u00e3o podemos aceitar responsabilidade por suas respectivas pol\u00edticas de privacidade.<\/p><p>Voc\u00ea \u00e9 livre para recusar a nossa solicita\u00e7\u00e3o de informa\u00e7\u00f5es pessoais, entendendo que talvez n\u00e3o possamos fornecer alguns dos servi\u00e7os desejados.<\/p><p>O uso continuado de nosso site, bem como a contrata\u00e7\u00e3o de nossos servi\u00e7os ser\u00e3o entendidos como a autoriza\u00e7\u00e3o de nossas pr\u00e1ticas em torno de privacidade e informa\u00e7\u00f5es pessoais. Se voc\u00ea tiver alguma d\u00favida sobre como lidamos com dados do usu\u00e1rio e informa\u00e7\u00f5es pessoais, entre em contato conosco.<\/p><p>Dessa forma, a Abrasivos Zanata LTDA\u00a0, doravante denominada simplesmente como \u201cAbrazivos Zanata\u201d ou \u201cRui das Lixas\u201d, inscrita no CNPJ sob o n\u00ba 51.691.202\/0001-68, no papel de Controladora de Dados, obriga-se ao disposto na presente Pol\u00edtica de Privacidade.<\/p><h2 class=\"wp-block-heading\">1. Quais dados coletamos sobre voc\u00ea e para qual finalidade?<\/h2><p>Nossa empresa coleta e utiliza alguns dados pessoais seus, de forma a viabilizar a presta\u00e7\u00e3o de servi\u00e7os e aprimorar a experi\u00eancia de uso.<\/p><h2 class=\"wp-block-heading\">1.1 Dados pessoais fornecidos pelo titular<\/h2><p>Os dados pessoais, que incluem qualquer informa\u00e7\u00e3o capaz de identificar uma pessoa ou tornar poss\u00edvel sua identifica\u00e7\u00e3o, s\u00e3o cruciais para personalizar a experi\u00eancia do usu\u00e1rio e otimizar a efici\u00eancia dos servi\u00e7os oferecidos, exemplificando-se alguns dados pessoais que poder\u00e3o ser fornecidos:<\/p><ul class=\"wp-block-list\"><li><strong>Nome<\/strong>&nbsp;\u2013 Para fins de identifica\u00e7\u00e3o do Titular (Pessoa F\u00edsica) que deseja \u201cComprar\u201d e \u201cReceber pedidos\u201d em nome do titular;&nbsp;<\/li>\n\n<li><strong>Telefone<\/strong>&nbsp;\u2013 Para fins de contato com o Titular que deseja \u201cComprar\u201d e \u201cReceber contato\u201d e \u201cNotifica\u00e7\u00f5es\u201d referente aos pedidos no n\u00famero informado;<\/li>\n\n<li><strong>Nome da empresa<\/strong>&nbsp;\u2013 Para fins de identifica\u00e7\u00e3o do Titular (Pessoa Jur\u00eddica) que deseja \u201cComprar\u201d e \u201cReceber pedidos\u201d em nome da empresa\/cnpj ou \u201cCadastrar\u201d no site;<\/li>\n\n<li><strong>Endere\u00e7o completo&nbsp;<\/strong>&nbsp;\u2013 Para fins de identifica\u00e7\u00e3o e \u201cEnvio do pedido\u201d para o endere\u00e7o do Titular ou informado pelo Titular;<\/li>\n\n<li><strong>E-mail<\/strong>&nbsp;\u2013 Para fins de contato com o Titular que deseja \u201cComprar\u201d e \u201cReceber contato\u201d e \u201cNotifica\u00e7\u00f5es\u201d referente aos pedidos no n\u00famero informado;<\/li><\/ul><h2 class=\"wp-block-heading\"><strong>2. Como coletamos seus dados?<\/strong><\/h2><p>Nesse sentido, a coleta dos seus dados pessoais ocorre da seguinte forma:<\/p><ul class=\"wp-block-list\"><li>Em se tratando do site da empresa: pelos formul\u00e1rios \u201cEntre em Contato\u201d disponibilizados na plataforma para possibilitar o contato entre Titular e a Abrazivos Zanata localizados no campo \u201cContato\u201d do Menu Inicial.<\/li>\n\n<li>Pelo fornecimento volunt\u00e1rio do Titular ao preencher e submeter quaisquer formul\u00e1rios divulgados nos canais de comunica\u00e7\u00e3o da Abrazivos Zanata.<\/li>\n\n<li>Pelo preenchimento de formul\u00e1rios fornecidos pela Abrazivos Zanata para a comercializa\u00e7\u00e3o e entrega dos produtos.<\/li><\/ul><h2 class=\"wp-block-heading\">2.1 Consentimento<\/h2><p>Ao utilizar os servi\u00e7os da Abrazivos Zanata e fornecer seus dados pessoais, voc\u00ea est\u00e1 ciente e consentindo com as disposi\u00e7\u00f5es desta Pol\u00edtica de Privacidade para armazenamento e tratamento de dados, al\u00e9m de conhecer seus direitos e como exerc\u00ea-los.<\/p><p>A qualquer tempo e sem nenhum custo, voc\u00ea poder\u00e1 revogar seu consentimento.<\/p><p>\u00c9 importante destacar que a revoga\u00e7\u00e3o do consentimento para o tratamento dos dados pode implicar a impossibilidade da performance adequada de alguma funcionalidade do site que dependa da opera\u00e7\u00e3o. Tais consequ\u00eancias ser\u00e3o informadas previamente.<\/p><h2 class=\"wp-block-heading\">3. Quais s\u00e3o os seus direitos?<\/h2><p>A Abrazivos Zanata assegura a seus usu\u00e1rios\/clientes seus direitos de titular previstos no artigo 18 da Lei Geral de Prote\u00e7\u00e3o de Dados. Dessa forma, voc\u00ea pode, de maneira gratuita e a qualquer tempo:<\/p><ul class=\"wp-block-list\"><li><strong>Confirmar a exist\u00eancia de tratamento de dados<\/strong>, de maneira simplificada ou em formato claro e completo;<\/li>\n\n<li><strong>Acessar seus dados<\/strong>, podendo solicit\u00e1-los em uma c\u00f3pia leg\u00edvel sob forma impressa ou por meio eletr\u00f4nico, seguro e id\u00f4neo;<\/li>\n\n<li><strong>Corrigir seus dados<\/strong>, ao solicitar a edi\u00e7\u00e3o, corre\u00e7\u00e3o ou atualiza\u00e7\u00e3o destes;<\/li>\n\n<li><strong>Limitar seus dados<\/strong>&nbsp;quando desnecess\u00e1rios, excessivos ou tratados em desconformidade com a legisla\u00e7\u00e3o atrav\u00e9s da anonimiza\u00e7\u00e3o, bloqueio ou elimina\u00e7\u00e3o;<\/li>\n\n<li><strong>Solicitar a portabilidade de seus dados<\/strong>, atrav\u00e9s de um relat\u00f3rio de dados cadastrais que a Abrazivos Zanata trata a seu respeito;<\/li>\n\n<li><strong>Eliminar seus dados<\/strong>&nbsp;tratados a partir de seu consentimento, exceto nos casos previstos em lei;<\/li>\n\n<li><strong>Revogar seu consentimento<\/strong>, desautorizando o tratamento de seus dados;<\/li>\n\n<li><strong>Informar-se sobre a possibilidade de n\u00e3o fornecer seu consentimento<\/strong>&nbsp;e sobre as consequ\u00eancias da negativa;<\/li><\/ul><h2 class=\"wp-block-heading\">4. Como voc\u00ea pode exercer seus direitos de titular?<\/h2><p>A&nbsp;disponibiliza os seguintes meios para que voc\u00ea possa entrar em contato conosco para exercer seus direitos de titular:<\/p><ul class=\"wp-block-list\"><li>Contato: (+55) (11) 99271-1201<\/li>\n\n<li>Contato:\u00a0contato@abrazivoszanata.com.br<\/li><\/ul><p>De forma a garantir a sua correta identifica\u00e7\u00e3o como titular dos dados pessoais objeto da solicita\u00e7\u00e3o, \u00e9 poss\u00edvel que solicitemos documentos ou demais comprova\u00e7\u00f5es que possam comprovar sua identidade. Nessa hip\u00f3tese, voc\u00ea ser\u00e1 informado previamente.<\/p><h2 class=\"wp-block-heading\"><strong>5. Como e por quanto tempo seus dados ser\u00e3o armazenados?<\/strong><\/h2><p>Seus dados pessoais coletados pela Abrazivos Zanata ser\u00e3o utilizados e armazenados durante o tempo necess\u00e1rio para a presta\u00e7\u00e3o do servi\u00e7o ou para que as finalidades elencadas na presente Pol\u00edtica de Privacidade sejam atingidas, considerando os direitos dos titulares dos dados e dos controladores.<\/p><p>De modo geral, seus dados ser\u00e3o mantidos enquanto a rela\u00e7\u00e3o contratual entre voc\u00ea e a Abrazivos Zanata perdurar. Findado o per\u00edodo de armazenamento dos dados pessoais, estes ser\u00e3o exclu\u00eddos de nossas bases de dados ou anonimizados, ressalvadas as hip\u00f3teses legalmente previstas no artigo 16 lei geral de prote\u00e7\u00e3o de dados, a saber:<\/p><p>I \u2013 cumprimento de obriga\u00e7\u00e3o legal ou regulat\u00f3ria pelo controlador;<\/p><p>II \u2013 estudo por \u00f3rg\u00e3o de pesquisa, garantida, sempre que poss\u00edvel, a anonimiza\u00e7\u00e3o dos dados pessoais;<\/p><p>III \u2013 transfer\u00eancia a terceiro, desde que respeitados os requisitos de tratamento de dados dispostos nesta Lei; ou<\/p><p>IV \u2013 uso exclusivo do controlador, vedado seu acesso por terceiro, e desde que anonimizados os dados.<\/p><p>Isto \u00e9, informa\u00e7\u00f5es pessoais sobre voc\u00ea que sejam imprescind\u00edveis para o cumprimento de determina\u00e7\u00f5es legais, judiciais e administrativas e\/ou para o exerc\u00edcio do direito de defesa em processos judiciais e administrativos ser\u00e3o mantidas, a despeito da exclus\u00e3o dos demais dados.&nbsp;<\/p><p>O armazenamento de dados coletados pela Abrazivos Zanata reflete o nosso compromisso com a seguran\u00e7a e privacidade dos seus dados. Empregamos medidas e solu\u00e7\u00f5es t\u00e9cnicas de prote\u00e7\u00e3o aptas a garantir a confidencialidade, integridade e inviolabilidade dos seus dados. Al\u00e9m disso, tamb\u00e9m contamos com medidas de seguran\u00e7a apropriadas aos riscos e com controle de acesso \u00e0s informa\u00e7\u00f5es armazenadas.<\/p><h2 class=\"wp-block-heading\"><strong>6. O que fazemos para manter seus dados seguros?<\/strong><\/h2><p>Para mantermos suas informa\u00e7\u00f5es pessoais seguras, usamos ferramentas f\u00edsicas, eletr\u00f4nicas e gerenciais orientadas para a prote\u00e7\u00e3o da sua privacidade. Aplicamos essas ferramentas levando em considera\u00e7\u00e3o a natureza dos dados pessoais coletados, o contexto e a finalidade do tratamento e os riscos que eventuais viola\u00e7\u00f5es gerariam para os direitos e liberdades do titular dos dados coletados e tratados.<\/p><p>Entre as medidas que adotamos, destacamos as seguintes:<\/p><ul class=\"wp-block-list\"><li>Apenas pessoas autorizadas t\u00eam acesso a seus dados pessoais;<\/li>\n\n<li>O acesso a seus dados pessoais \u00e9 feito somente ap\u00f3s o compromisso de confidencialidade por parte do pessoal autorizado;<\/li>\n\n<li>Seus dados pessoais s\u00e3o armazenados em ambiente seguro e id\u00f4neo.<\/li><\/ul><p>A Abrazivos Zanata se compromete a adotar as melhores posturas para evitar incidentes de seguran\u00e7a. Contudo, \u00e9 poss\u00edvel que, apesar de todos os nossos protocolos de seguran\u00e7a, problemas de culpa exclusivamente de terceiros ocorram, como ataques cibern\u00e9ticos de\u00a0<em>hackers<\/em>, ou tamb\u00e9m em decorr\u00eancia da neglig\u00eancia ou imprud\u00eancia do pr\u00f3prio usu\u00e1rio\/cliente e titular dos dados.<\/p><p>Em caso de incidentes de seguran\u00e7a que possa gerar risco ou dano relevante para voc\u00ea ou qualquer um de nossos usu\u00e1rios\/clientes, comunicaremos aos titulares dos dados e a Autoridade Nacional de Prote\u00e7\u00e3o de Dados sobre o ocorrido, em conson\u00e2ncia com as disposi\u00e7\u00f5es da Lei Geral de Prote\u00e7\u00e3o de Dados.<\/p><h2 class=\"wp-block-heading\"><strong>7. Com quem seus dados podem ser compartilhados?<\/strong><\/h2><p>Tendo em vista a preserva\u00e7\u00e3o de sua privacidade, a Abrazivos Zanata n\u00e3o compartilhar\u00e1 seus dados pessoais com nenhum terceiro n\u00e3o autorizado.\u00a0<\/p><p>Todavia,existem outras hip\u00f3teses em que seus dados poder\u00e3o ser compartilhados, que s\u00e3o:<\/p><p>I \u2013 Determina\u00e7\u00e3o legal, requerimento, requisi\u00e7\u00e3o ou ordem judicial, com autoridades judiciais, administrativas ou governamentais competentes;<\/p><p>II \u2013 Caso de movimenta\u00e7\u00f5es societ\u00e1rias, como fus\u00e3o, aquisi\u00e7\u00e3o e incorpora\u00e7\u00e3o, de forma autom\u00e1tica;<\/p><p>III \u2013 Prote\u00e7\u00e3o dos direitos da Abrazivos Zanata em qualquer tipo de conflito, inclusive os de teor judicial.<\/p><h2 class=\"wp-block-heading\"><strong>8. Cookies ou dados de navega\u00e7\u00e3o<\/strong><\/h2><p>A Abrazivos Zanata faz uso de Cookies em seu site, que s\u00e3o arquivos de texto enviados pela plataforma ao seu computador e que nele se armazenam, que cont\u00e9m informa\u00e7\u00f5es relacionadas \u00e0 navega\u00e7\u00e3o do site. Em suma, os Cookies s\u00e3o utilizados para aprimorar a experi\u00eancia de uso.<\/p><p>Ao acessar nosso site e consentir com o uso de Cookies, voc\u00ea manifesta conhecer e aceitar a utiliza\u00e7\u00e3o de um sistema de coleta de dados de navega\u00e7\u00e3o com o uso de Cookies em seu dispositivo.<\/p><p>Voc\u00ea pode, a qualquer tempo e sem nenhum custo, alterar as permiss\u00f5es, bloquear ou recusar os Cookies. Todavia, a revoga\u00e7\u00e3o do consentimento de determinados Cookies pode inviabilizar o funcionamento correto de alguns recursos da plataforma.<\/p><p>Para gerenciar os cookies do seu navegador, basta faz\u00ea-lo diretamente nas configura\u00e7\u00f5es do navegador, na \u00e1rea de gest\u00e3o de Cookies. Voc\u00ea pode acessar tutoriais sobre o tema diretamente nos links abaixo:<\/p><ul class=\"wp-block-list\"><li>Se voc\u00ea usa o&nbsp;<a href=\"https:\/\/support.microsoft.com\/pt-br\/help\/17442\/windows-internet-explorer-delete-manage-cookies\">Internet Explorer<\/a>.<\/li>\n\n<li>Se voc\u00ea usa o&nbsp;<a href=\"https:\/\/support.mozilla.org\/pt-BR\/kb\/gerencie-configuracoes-de-armazenamento-local-de-s\">Firefox<\/a>.<\/li>\n\n<li>Se voc\u00ea usa o&nbsp;<a href=\"https:\/\/support.apple.com\/pt-br\/guide\/safari\/sfri11471\/mac\">Safari<\/a>.<\/li>\n\n<li>Se voc\u00ea usa o&nbsp;<a href=\"https:\/\/support.google.com\/chrome\/answer\/95647?co=GENIE.Platform%253DDesktop&amp;oco=1&amp;hl=pt-BR\">Google Chrome<\/a>.<\/li>\n\n<li>Se voc\u00ea usa o&nbsp;<a href=\"https:\/\/support.microsoft.com\/pt-br\/help\/4027947\/microsoft-edge-delete-cookies\">Microsoft Edge<\/a>.<\/li>\n\n<li>Se voc\u00ea usa o&nbsp;<a href=\"https:\/\/help.opera.com\/en\/latest\/web-preferences\/#cookies\">Opera<\/a>.<\/li><\/ul><h2 class=\"wp-block-heading\"><strong>8.1 Cookies que definimos<\/strong><\/h2><ul class=\"wp-block-list\"><li>Cookies relacionados a formul\u00e1rios<\/li>\n\n<li>Cookies relacionados as plataformas de marketing do Google (Google Ads e Google Analytics) para fins de divulga\u00e7\u00e3o de produtos para o Titular e servi\u00e7os e an\u00e1lise da performance do site.<\/li>\n\n<li>Cookies relacionados as plataformas de marketing da META (Meta Ads) para fins de divulga\u00e7\u00e3o de produtos para o Titular no Facebook, Instagram e outras plataformas parceiras da META.<\/li>\n\n<li>Cookies relacionados a plataforma de marketing do LinkedIn (LinkedIn Ads) para fins de direcionar publicidade para o Titular.<\/li>\n\n<li>Cookies relacionados a videos de apresenta\u00e7\u00e3o da Abrazivos Zanata que est\u00e3o no Youtube.<\/li>\n\n<li>Cookies relacionados ao Google Recaptcha para fins de confirma\u00e7\u00e3o de presen\u00e7a humana ao acessar o site da Abrazivos Zanata.<\/li>\n\n<li>Cookies relacionados a plataforma de analise de performance e monitoramento SmartLook.<\/li><\/ul><p>Quando voc\u00ea envia dados por meio de um formul\u00e1rio, os cookies podem ser configurados para lembrar os detalhes do usu\u00e1rio para correspond\u00eancia futura.<\/p><h2 class=\"wp-block-heading\"><strong>9. Responsabilidade<\/strong><\/h2><p>A Abrazivos Zanata prev\u00ea a responsabilidade dos agentes que atuam nos processos de tratamento de dados, em conformidade com os artigos 42 ao 45 da Lei Geral de Prote\u00e7\u00e3o de Dados.<\/p><p>Nos comprometemos em manter esta Pol\u00edtica de Privacidade atualizada, observando suas disposi\u00e7\u00f5es e zelando por seu cumprimento.<\/p><p>Al\u00e9m disso, tamb\u00e9m assumimos o compromisso de buscar condi\u00e7\u00f5es t\u00e9cnicas e organizativas seguramente aptas a proteger todo o processo de tratamento de dados.<\/p><h2 class=\"wp-block-heading\"><strong>9.1&nbsp;Isen\u00e7\u00e3o de responsabilidade<\/strong><\/h2><p>Conforme mencionado no T\u00f3pico 6, embora adotemos elevados padr\u00f5es de seguran\u00e7a a fim de evitar incidentes, n\u00e3o h\u00e1 nenhuma p\u00e1gina virtual ou sistema de armazenamento inteiramente livre de riscos. Nesse sentido, a Abrazivos Zanata n\u00e3o se responsabiliza por:<\/p><p>I \u2013 Quaisquer consequ\u00eancias decorrentes da neglig\u00eancia, imprud\u00eancia ou imper\u00edcia dos usu\u00e1rios em rela\u00e7\u00e3o a seus dados individuais. Garantimos e nos responsabilizamos apenas pela seguran\u00e7a dos processos de tratamento de dados e do cumprimento das finalidades descritas no presente instrumento. Destacamos que a responsabilidade em rela\u00e7\u00e3o \u00e0 confidencialidade dos dados de acesso \u00e9 do usu\u00e1rio;<\/p><p>II \u2013 A\u00e7\u00f5es maliciosas de terceiros, como ataques de\u00a0<em>hackers<\/em>, exceto se comprovada conduta culposa ou deliberada da Abrazivos Zanata. Destacamos que em caso de incidentes de seguran\u00e7a que possam gerar risco ou dano relevante para voc\u00ea ou qualquer um de nossos usu\u00e1rios\/clientes, comunicaremos aos titulares dos dados e a Autoridade Nacional de Prote\u00e7\u00e3o de Dados sobre o ocorrido e cumpriremos as provid\u00eancias necess\u00e1rias;<\/p><p>III \u2013 Inveracidade das informa\u00e7\u00f5es inseridas pelo usu\u00e1rio\/cliente nos registros necess\u00e1rios para a utiliza\u00e7\u00e3o dos servi\u00e7os da Abrazivos Zanata quaisquer consequ\u00eancias decorrentes de informa\u00e7\u00f5es falsas ou inseridas de m\u00e1-f\u00e9 s\u00e3o de inteira responsabilidade do usu\u00e1rio\/cliente.<\/p><p>Caso a Autoridade Nacional de Prote\u00e7\u00e3o de Dados exija a ado\u00e7\u00e3o de provid\u00eancias em rela\u00e7\u00e3o ao tratamento de dados realizado pela Abrazivos Zanata<em>,\u00a0<\/em>comprometemo-nos a segui-las.\u00a0<\/p><p><\/p><h3 class=\"wp-block-heading\">M\u00eddia incorporada de outros sites<\/h3><p>Artigos neste site podem incluir conte\u00fado incorporado como, por exemplo, v\u00eddeos, imagens, artigos, etc. Conte\u00fados incorporados de outros sites se comportam exatamente da mesma forma como se o visitante estivesse visitando o outro site.<\/p><p>Estes sites podem coletar dados sobre voc\u00ea, usar cookies, incorporar rastreamento adicional de terceiros e monitorar sua intera\u00e7\u00e3o com este conte\u00fado incorporado, incluindo sua intera\u00e7\u00e3o com o conte\u00fado incorporado se voc\u00ea tem uma conta e est\u00e1 conectado com o site.<\/p><p>Se voc\u00ea tiver uma conta neste site ou se tiver deixado coment\u00e1rios, pode solicitar um arquivo exportado dos dados pessoais que mantemos sobre voc\u00ea, inclusive quaisquer dados que nos tenha fornecido. Tamb\u00e9m pode solicitar que removamos qualquer dado pessoal que mantemos sobre voc\u00ea. Isto n\u00e3o inclui nenhuns dados que somos obrigados a manter para prop\u00f3sitos administrativos, legais ou de seguran\u00e7a.<\/p><p><\/p><p>Esta pol\u00edtica \u00e9 efetiva a partir de MAIO DE 2024.<\/p>","protected":false},"excerpt":{"rendered":"<p>Pol\u00edtica de Privacidade e Prote\u00e7\u00e3o de Dados Para a Abrasivos Zanata LTDA, a privacidade e a seguran\u00e7a constituem vertentes priorit\u00e1rias, e reafirmamos nosso compromisso com a integral transpar\u00eancia no processo de tratamento dos dados pessoais de nossos usu\u00e1rios e clientes. Desse modo, em conson\u00e2ncia com as diretrizes estabelecidas pela Lei Geral de Prote\u00e7\u00e3o de Dados [&hellip;]<\/p>\n","protected":false},"author":5,"featured_media":0,"parent":0,"menu_order":0,"comment_status":"closed","ping_status":"open","template":"","meta":{"_acf_changed":false,"footnotes":""},"class_list":["post-3","page","type-page","status-publish","hentry"],"acf":[],"_links":{"self":[{"href":"https:\/\/abrasivoszanata.com.br\/loja\/wp-json\/wp\/v2\/pages\/3","targetHints":{"allow":["GET"]}}],"collection":[{"href":"https:\/\/abrasivoszanata.com.br\/loja\/wp-json\/wp\/v2\/pages"}],"about":[{"href":"https:\/\/abrasivoszanata.com.br\/loja\/wp-json\/wp\/v2\/types\/page"}],"author":[{"embeddable":true,"href":"https:\/\/abrasivoszanata.com.br\/loja\/wp-json\/wp\/v2\/users\/5"}],"replies":[{"embeddable":true,"href":"https:\/\/abrasivoszanata.com.br\/loja\/wp-json\/wp\/v2\/comments?post=3"}],"version-history":[{"count":1,"href":"https:\/\/abrasivoszanata.com.br\/loja\/wp-json\/wp\/v2\/pages\/3\/revisions"}],"predecessor-version":[{"id":10450,"href":"https:\/\/abrasivoszanata.com.br\/loja\/wp-json\/wp\/v2\/pages\/3\/revisions\/10450"}],"wp:attachment":[{"href":"https:\/\/abrasivoszanata.com.br\/loja\/wp-json\/wp\/v2\/media?parent=3"}],"curies":[{"name":"wp","href":"https:\/\/api.w.org\/{rel}","templated":true}]}}