{"id":110,"date":"2020-09-14T12:38:27","date_gmt":"2020-09-14T15:38:27","guid":{"rendered":"http:\/\/abrasivoszanata.com.br\/loja\/produto\/roda-flexivel-verde-para-ceramica-unidade\/"},"modified":"2023-03-01T20:53:25","modified_gmt":"2023-03-01T23:53:25","slug":"roda-flexivel-verde-para-ceramica-unidade","status":"publish","type":"product","link":"https:\/\/abrasivoszanata.com.br\/loja\/produto\/roda-flexivel-verde-para-ceramica-unidade\/","title":{"rendered":"Roda flex\u00edvel verde para ceramica (Unidade)"},"content":{"rendered":"","protected":false},"excerpt":{"rendered":"<p>Cod: 787 &#8211;\u00a0Roda flex\u00edvel verde para ceramica (Unidade)nn* Para polimento de misturas macias e ligas em geral.nn* Granula\u00e7\u00e3o m\u00e9diann* Espessura: 0,3 mmnn* Di\u00e2metro: \u00d8 22mm<\/p>\n","protected":false},"featured_media":336,"template":"","meta":{"_acf_changed":false},"product_brand":[],"product_cat":[287],"product_tag":[],"class_list":{"0":"post-110","1":"product","2":"type-product","3":"status-publish","4":"has-post-thumbnail","6":"product_cat-rodas","8":"first","9":"instock","10":"purchasable","11":"product-type-simple"},"acf":[],"_links":{"self":[{"href":"https:\/\/abrasivoszanata.com.br\/loja\/wp-json\/wp\/v2\/product\/110","targetHints":{"allow":["GET"]}}],"collection":[{"href":"https:\/\/abrasivoszanata.com.br\/loja\/wp-json\/wp\/v2\/product"}],"about":[{"href":"https:\/\/abrasivoszanata.com.br\/loja\/wp-json\/wp\/v2\/types\/product"}],"wp:featuredmedia":[{"embeddable":true,"href":"https:\/\/abrasivoszanata.com.br\/loja\/wp-json\/wp\/v2\/media\/336"}],"wp:attachment":[{"href":"https:\/\/abrasivoszanata.com.br\/loja\/wp-json\/wp\/v2\/media?parent=110"}],"wp:term":[{"taxonomy":"product_brand","embeddable":true,"href":"https:\/\/abrasivoszanata.com.br\/loja\/wp-json\/wp\/v2\/product_brand?post=110"},{"taxonomy":"product_cat","embeddable":true,"href":"https:\/\/abrasivoszanata.com.br\/loja\/wp-json\/wp\/v2\/product_cat?post=110"},{"taxonomy":"product_tag","embeddable":true,"href":"https:\/\/abrasivoszanata.com.br\/loja\/wp-json\/wp\/v2\/product_tag?post=110"}],"curies":[{"name":"wp","href":"https:\/\/api.w.org\/{rel}","templated":true}]}}