{"id":117,"date":"2020-09-14T12:38:36","date_gmt":"2020-09-14T15:38:36","guid":{"rendered":"http:\/\/abrasivoszanata.com.br\/loja\/produto\/roda-de-feltro-macio-unidade\/"},"modified":"2025-12-12T07:49:47","modified_gmt":"2025-12-12T10:49:47","slug":"mini-escova-de-feltro-macio-mb","status":"publish","type":"product","link":"https:\/\/abrasivoszanata.com.br\/loja\/produto\/mini-escova-de-feltro-macio-mb\/","title":{"rendered":"mini escova  de feltro macio mb"},"content":{"rendered":"","protected":false},"excerpt":{"rendered":"<p>Cod: 501 &#8211; Roda de feltro macio (Unidade)nn* Brilho final em metal, acr\u00edlico, resina e cer\u00e2mica.nn* Di\u00e2metro: 22mmnn* Haste:\u00a02,35mm (3\/32?) At\u00e9 8.000 rpm<\/p>\n","protected":false},"featured_media":342,"template":"","meta":{"_acf_changed":false},"product_brand":[],"product_cat":[282],"product_tag":[],"class_list":{"0":"post-117","1":"product","2":"type-product","3":"status-publish","4":"has-post-thumbnail","6":"product_cat-escovas","8":"first","9":"instock","10":"purchasable","11":"product-type-simple"},"acf":[],"_links":{"self":[{"href":"https:\/\/abrasivoszanata.com.br\/loja\/wp-json\/wp\/v2\/product\/117","targetHints":{"allow":["GET"]}}],"collection":[{"href":"https:\/\/abrasivoszanata.com.br\/loja\/wp-json\/wp\/v2\/product"}],"about":[{"href":"https:\/\/abrasivoszanata.com.br\/loja\/wp-json\/wp\/v2\/types\/product"}],"wp:featuredmedia":[{"embeddable":true,"href":"https:\/\/abrasivoszanata.com.br\/loja\/wp-json\/wp\/v2\/media\/342"}],"wp:attachment":[{"href":"https:\/\/abrasivoszanata.com.br\/loja\/wp-json\/wp\/v2\/media?parent=117"}],"wp:term":[{"taxonomy":"product_brand","embeddable":true,"href":"https:\/\/abrasivoszanata.com.br\/loja\/wp-json\/wp\/v2\/product_brand?post=117"},{"taxonomy":"product_cat","embeddable":true,"href":"https:\/\/abrasivoszanata.com.br\/loja\/wp-json\/wp\/v2\/product_cat?post=117"},{"taxonomy":"product_tag","embeddable":true,"href":"https:\/\/abrasivoszanata.com.br\/loja\/wp-json\/wp\/v2\/product_tag?post=117"}],"curies":[{"name":"wp","href":"https:\/\/api.w.org\/{rel}","templated":true}]}}