{"id":197,"date":"2020-09-14T12:39:14","date_gmt":"2020-09-14T15:39:14","guid":{"rendered":"http:\/\/abrasivoszanata.com.br\/loja\/produto\/ponta-de-silicone-cinza-grossa-unidade-2\/"},"modified":"2024-01-06T10:16:15","modified_gmt":"2024-01-06T13:16:15","slug":"ponta-de-silicone-cinza-grossa-unidade-2","status":"publish","type":"product","link":"https:\/\/abrasivoszanata.com.br\/loja\/produto\/ponta-de-silicone-cinza-grossa-unidade-2\/","title":{"rendered":"Ponta de Silicone Cinza (Grossa) &#8211; Unidade"},"content":{"rendered":"","protected":false},"excerpt":{"rendered":"<p>Cod: 791 &#8211;\u00a0Ponta de Silicone Cinza\u00a0 (Grossa) &#8211; Unidadenn* Polidor de silicone com abrasivos.\u00a0Granula\u00e7\u00e3o Grossa.nn* Indica\u00e7\u00e3o:\u00a0Acabamento inicial e regulariza\u00e7\u00e3o em pe\u00e7as de resina acr\u00edlica \u2013 Pr\u00f3tese total, Aparelhos ortod\u00f4nticos, Placas de clareamento.nn* Rota\u00e7ao indicada: \u00a0\u00a05 a 7000 rpmnn* Di\u00e2metro 10mm \/ Comprimento 23mm<\/p>\n","protected":false},"featured_media":346,"template":"","meta":{"_acf_changed":false},"product_brand":[],"product_cat":[289],"product_tag":[],"class_list":{"0":"post-197","1":"product","2":"type-product","3":"status-publish","4":"has-post-thumbnail","6":"product_cat-pontas","8":"first","9":"instock","10":"purchasable","11":"product-type-simple"},"acf":[],"_links":{"self":[{"href":"https:\/\/abrasivoszanata.com.br\/loja\/wp-json\/wp\/v2\/product\/197","targetHints":{"allow":["GET"]}}],"collection":[{"href":"https:\/\/abrasivoszanata.com.br\/loja\/wp-json\/wp\/v2\/product"}],"about":[{"href":"https:\/\/abrasivoszanata.com.br\/loja\/wp-json\/wp\/v2\/types\/product"}],"wp:featuredmedia":[{"embeddable":true,"href":"https:\/\/abrasivoszanata.com.br\/loja\/wp-json\/wp\/v2\/media\/346"}],"wp:attachment":[{"href":"https:\/\/abrasivoszanata.com.br\/loja\/wp-json\/wp\/v2\/media?parent=197"}],"wp:term":[{"taxonomy":"product_brand","embeddable":true,"href":"https:\/\/abrasivoszanata.com.br\/loja\/wp-json\/wp\/v2\/product_brand?post=197"},{"taxonomy":"product_cat","embeddable":true,"href":"https:\/\/abrasivoszanata.com.br\/loja\/wp-json\/wp\/v2\/product_cat?post=197"},{"taxonomy":"product_tag","embeddable":true,"href":"https:\/\/abrasivoszanata.com.br\/loja\/wp-json\/wp\/v2\/product_tag?post=197"}],"curies":[{"name":"wp","href":"https:\/\/api.w.org\/{rel}","templated":true}]}}