{"id":201,"date":"2020-09-14T12:39:14","date_gmt":"2020-09-14T15:39:14","guid":{"rendered":"http:\/\/abrasivoszanata.com.br\/loja\/produto\/mini-escova-de-latao-100-2\/"},"modified":"2026-04-03T11:42:54","modified_gmt":"2026-04-03T14:42:54","slug":"mini-escova-de-latao-100-2","status":"publish","type":"product","link":"https:\/\/abrasivoszanata.com.br\/loja\/produto\/mini-escova-de-latao-100-2\/","title":{"rendered":"MINI ESCOVA DE LAT\u00c3O 100% PARA LIMPEZA E AUTO AFIA\u00c7\u00c3O DA BROCA"},"content":{"rendered":"","protected":false},"excerpt":{"rendered":"<p>MINI ESCOVA DE LAT\u00c3O PARA AFIA\u00c7\u00c3O E LIMPESA DAS BROCAS E POLIMENTOS DE METAIS<\/p>\n","protected":false},"featured_media":300,"template":"","meta":{"_acf_changed":false},"product_brand":[],"product_cat":[282],"product_tag":[],"class_list":{"0":"post-201","1":"product","2":"type-product","3":"status-publish","4":"has-post-thumbnail","6":"product_cat-escovas","8":"first","9":"instock","10":"purchasable","11":"product-type-simple"},"acf":[],"_links":{"self":[{"href":"https:\/\/abrasivoszanata.com.br\/loja\/wp-json\/wp\/v2\/product\/201","targetHints":{"allow":["GET"]}}],"collection":[{"href":"https:\/\/abrasivoszanata.com.br\/loja\/wp-json\/wp\/v2\/product"}],"about":[{"href":"https:\/\/abrasivoszanata.com.br\/loja\/wp-json\/wp\/v2\/types\/product"}],"wp:featuredmedia":[{"embeddable":true,"href":"https:\/\/abrasivoszanata.com.br\/loja\/wp-json\/wp\/v2\/media\/300"}],"wp:attachment":[{"href":"https:\/\/abrasivoszanata.com.br\/loja\/wp-json\/wp\/v2\/media?parent=201"}],"wp:term":[{"taxonomy":"product_brand","embeddable":true,"href":"https:\/\/abrasivoszanata.com.br\/loja\/wp-json\/wp\/v2\/product_brand?post=201"},{"taxonomy":"product_cat","embeddable":true,"href":"https:\/\/abrasivoszanata.com.br\/loja\/wp-json\/wp\/v2\/product_cat?post=201"},{"taxonomy":"product_tag","embeddable":true,"href":"https:\/\/abrasivoszanata.com.br\/loja\/wp-json\/wp\/v2\/product_tag?post=201"}],"curies":[{"name":"wp","href":"https:\/\/api.w.org\/{rel}","templated":true}]}}