{"id":215,"date":"2020-09-14T12:39:22","date_gmt":"2020-09-14T15:39:22","guid":{"rendered":"http:\/\/abrasivoszanata.com.br\/loja\/produto\/roda-felpuda-unidade-2\/"},"modified":"2025-12-12T07:49:47","modified_gmt":"2025-12-12T10:49:47","slug":"roda-felpuda-unidade-2","status":"publish","type":"product","link":"https:\/\/abrasivoszanata.com.br\/loja\/produto\/roda-felpuda-unidade-2\/","title":{"rendered":"Roda felpuda (Unidade)"},"content":{"rendered":"","protected":false},"excerpt":{"rendered":"<p>Cod: 358 &#8211; Roda felpuda (Unidade)nn* Brilho final em metal, acr\u00edlico, resina e cer\u00e2mica.nn* Di\u00e2metro: 22mmnn* Haste:\u00a02,35mm (3\/32\u2033)nn* At\u00e9 8.000 rpm<\/p>\n","protected":false},"featured_media":334,"template":"","meta":{"_acf_changed":false},"product_brand":[],"product_cat":[287],"product_tag":[],"class_list":{"0":"post-215","1":"product","2":"type-product","3":"status-publish","4":"has-post-thumbnail","6":"product_cat-rodas","8":"first","9":"instock","10":"purchasable","11":"product-type-simple"},"acf":[],"_links":{"self":[{"href":"https:\/\/abrasivoszanata.com.br\/loja\/wp-json\/wp\/v2\/product\/215","targetHints":{"allow":["GET"]}}],"collection":[{"href":"https:\/\/abrasivoszanata.com.br\/loja\/wp-json\/wp\/v2\/product"}],"about":[{"href":"https:\/\/abrasivoszanata.com.br\/loja\/wp-json\/wp\/v2\/types\/product"}],"wp:featuredmedia":[{"embeddable":true,"href":"https:\/\/abrasivoszanata.com.br\/loja\/wp-json\/wp\/v2\/media\/334"}],"wp:attachment":[{"href":"https:\/\/abrasivoszanata.com.br\/loja\/wp-json\/wp\/v2\/media?parent=215"}],"wp:term":[{"taxonomy":"product_brand","embeddable":true,"href":"https:\/\/abrasivoszanata.com.br\/loja\/wp-json\/wp\/v2\/product_brand?post=215"},{"taxonomy":"product_cat","embeddable":true,"href":"https:\/\/abrasivoszanata.com.br\/loja\/wp-json\/wp\/v2\/product_cat?post=215"},{"taxonomy":"product_tag","embeddable":true,"href":"https:\/\/abrasivoszanata.com.br\/loja\/wp-json\/wp\/v2\/product_tag?post=215"}],"curies":[{"name":"wp","href":"https:\/\/api.w.org\/{rel}","templated":true}]}}