{"id":216,"date":"2020-09-14T12:39:22","date_gmt":"2020-09-14T15:39:22","guid":{"rendered":"http:\/\/abrasivoszanata.com.br\/loja\/produto\/roda-de-algodao-muslin-lcb4-100-mm-pc-2\/"},"modified":"2025-11-28T20:32:47","modified_gmt":"2025-11-28T23:32:47","slug":"roda-de-algodao-muslin-lcb4-100-mm-pc-2","status":"publish","type":"product","link":"https:\/\/abrasivoszanata.com.br\/loja\/produto\/roda-de-algodao-muslin-lcb4-100-mm-pc-2\/","title":{"rendered":"Roda de Algod\u00e3o (Muslin) RLX4 X 40-100 mm) &#8211; P\u00c7"},"content":{"rendered":"","protected":false},"excerpt":{"rendered":"<p>Cod: 314 &#8211; Roda de Algod\u00e3o (Muslin) LCB4\u2033(100 mm) &#8211; 1 Pe\u00e7a<br \/>\nn<br \/>\nn* Roda de algod\u00e3o Muslin<br \/>\nn<br \/>\nn* Bordas penteadas.Apenas uma costura ao redor do furo central que \u00e9 refor\u00e7ado com couro e verniz. Quarenta camadas de pano soltas fornecem um polimento mais suave que acompanha curvas e contornos. Use com Rouge Foredom para um polimento inigual\u00e1vel.<br \/>\nn<br \/>\nn* Di\u00e2metro:\u00a04\u2033 = 10,23cm<\/p>\n","protected":false},"featured_media":332,"template":"","meta":{"_acf_changed":false},"product_brand":[],"product_cat":[287],"product_tag":[],"class_list":{"0":"post-216","1":"product","2":"type-product","3":"status-publish","4":"has-post-thumbnail","6":"product_cat-rodas","8":"first","9":"instock","10":"purchasable","11":"product-type-simple"},"acf":[],"_links":{"self":[{"href":"https:\/\/abrasivoszanata.com.br\/loja\/wp-json\/wp\/v2\/product\/216","targetHints":{"allow":["GET"]}}],"collection":[{"href":"https:\/\/abrasivoszanata.com.br\/loja\/wp-json\/wp\/v2\/product"}],"about":[{"href":"https:\/\/abrasivoszanata.com.br\/loja\/wp-json\/wp\/v2\/types\/product"}],"wp:featuredmedia":[{"embeddable":true,"href":"https:\/\/abrasivoszanata.com.br\/loja\/wp-json\/wp\/v2\/media\/332"}],"wp:attachment":[{"href":"https:\/\/abrasivoszanata.com.br\/loja\/wp-json\/wp\/v2\/media?parent=216"}],"wp:term":[{"taxonomy":"product_brand","embeddable":true,"href":"https:\/\/abrasivoszanata.com.br\/loja\/wp-json\/wp\/v2\/product_brand?post=216"},{"taxonomy":"product_cat","embeddable":true,"href":"https:\/\/abrasivoszanata.com.br\/loja\/wp-json\/wp\/v2\/product_cat?post=216"},{"taxonomy":"product_tag","embeddable":true,"href":"https:\/\/abrasivoszanata.com.br\/loja\/wp-json\/wp\/v2\/product_tag?post=216"}],"curies":[{"name":"wp","href":"https:\/\/api.w.org\/{rel}","templated":true}]}}