{"id":236,"date":"2020-09-14T12:39:32","date_gmt":"2020-09-14T15:39:32","guid":{"rendered":"http:\/\/abrasivoszanata.com.br\/loja\/produto\/1-metro-lixa-microfinishing-1000-x-12mm-gr-15-000-para-acabamento-e-lapidacao-resinas-e-ceramicas-2\/"},"modified":"2023-03-01T20:21:34","modified_gmt":"2023-03-01T23:21:34","slug":"1-metro-lixa-microfinishing-1000-x-12mm-gr-15-000-para-acabamento-e-lapidacao-resinas-e-ceramicas-2","status":"publish","type":"product","link":"https:\/\/abrasivoszanata.com.br\/loja\/produto\/1-metro-lixa-microfinishing-1000-x-12mm-gr-15-000-para-acabamento-e-lapidacao-resinas-e-ceramicas-2\/","title":{"rendered":"1-METRO LIXA MICROFINISHING 1000 X  12MM GR 15.000 PARA ACABAMENTO E LAPIDA\u00c7\u00c3O RESINAS E CER\u00c2MICAS"},"content":{"rendered":"","protected":false},"excerpt":{"rendered":"<p>1-METRO LIXA MICROFINISHING 1000 X 12MM GR 15.000 PARA ACABAMENTO E LAPIDA\u00c7\u00c3O RESINAS E CER\u00c2MICAS<\/p>\n","protected":false},"featured_media":282,"template":"","meta":{"_acf_changed":false},"product_brand":[],"product_cat":[283],"product_tag":[],"class_list":{"0":"post-236","1":"product","2":"type-product","3":"status-publish","4":"has-post-thumbnail","6":"product_cat-lixas","8":"first","9":"instock","10":"purchasable","11":"product-type-simple"},"acf":[],"_links":{"self":[{"href":"https:\/\/abrasivoszanata.com.br\/loja\/wp-json\/wp\/v2\/product\/236","targetHints":{"allow":["GET"]}}],"collection":[{"href":"https:\/\/abrasivoszanata.com.br\/loja\/wp-json\/wp\/v2\/product"}],"about":[{"href":"https:\/\/abrasivoszanata.com.br\/loja\/wp-json\/wp\/v2\/types\/product"}],"wp:featuredmedia":[{"embeddable":true,"href":"https:\/\/abrasivoszanata.com.br\/loja\/wp-json\/wp\/v2\/media\/282"}],"wp:attachment":[{"href":"https:\/\/abrasivoszanata.com.br\/loja\/wp-json\/wp\/v2\/media?parent=236"}],"wp:term":[{"taxonomy":"product_brand","embeddable":true,"href":"https:\/\/abrasivoszanata.com.br\/loja\/wp-json\/wp\/v2\/product_brand?post=236"},{"taxonomy":"product_cat","embeddable":true,"href":"https:\/\/abrasivoszanata.com.br\/loja\/wp-json\/wp\/v2\/product_cat?post=236"},{"taxonomy":"product_tag","embeddable":true,"href":"https:\/\/abrasivoszanata.com.br\/loja\/wp-json\/wp\/v2\/product_tag?post=236"}],"curies":[{"name":"wp","href":"https:\/\/api.w.org\/{rel}","templated":true}]}}