{"id":238,"date":"2020-09-14T12:39:32","date_gmt":"2020-09-14T15:39:32","guid":{"rendered":"http:\/\/abrasivoszanata.com.br\/loja\/produto\/spunlixa-para-acabamennto-de-resinas-acrilicos-palatovestibularesrugas-palatinas-rotacao-8500rpm-combinacao-espuma-e-lixa-gr-3000-2\/"},"modified":"2025-03-11T21:16:53","modified_gmt":"2025-03-12T00:16:53","slug":"spunlixa-para-acabamennto-de-resinas-acrilicos-palatovestibularesrugas-palatinas-rotacao-8500rpm-combinacao-espuma-e-lixa-gr-3000-2","status":"publish","type":"product","link":"https:\/\/abrasivoszanata.com.br\/loja\/produto\/spunlixa-para-acabamennto-de-resinas-acrilicos-palatovestibularesrugas-palatinas-rotacao-8500rpm-combinacao-espuma-e-lixa-gr-3000-2\/","title":{"rendered":"SPUNLIXA PARA ACABAMENTO DE RESINAS ACRILICOS PALATO,VESTIBULARES,RUGAS PALATINAS ROTA\u00c7\u00c3O 8,500RPM COMBINA\u00c7\u00c3O ESPUMA E LIXA GR 3000"},"content":{"rendered":"","protected":false},"excerpt":{"rendered":"<p>SPUNLIXA PARA ACABAMENTO DE RESINAS ACRILICOS PALATO,VESTIBULARES,RUGAS PALATINAS ROTA\u00c7\u00c3O 8,500RPM COMBINA\u00c7\u00c3O ESPUMA E \u00a0LIXA GR 3000<\/p>\n","protected":false},"featured_media":326,"template":"","meta":{"_acf_changed":false},"product_brand":[],"product_cat":[283],"product_tag":[],"class_list":{"0":"post-238","1":"product","2":"type-product","3":"status-publish","4":"has-post-thumbnail","6":"product_cat-lixas","8":"first","9":"instock","10":"purchasable","11":"product-type-simple"},"acf":[],"_links":{"self":[{"href":"https:\/\/abrasivoszanata.com.br\/loja\/wp-json\/wp\/v2\/product\/238","targetHints":{"allow":["GET"]}}],"collection":[{"href":"https:\/\/abrasivoszanata.com.br\/loja\/wp-json\/wp\/v2\/product"}],"about":[{"href":"https:\/\/abrasivoszanata.com.br\/loja\/wp-json\/wp\/v2\/types\/product"}],"wp:featuredmedia":[{"embeddable":true,"href":"https:\/\/abrasivoszanata.com.br\/loja\/wp-json\/wp\/v2\/media\/326"}],"wp:attachment":[{"href":"https:\/\/abrasivoszanata.com.br\/loja\/wp-json\/wp\/v2\/media?parent=238"}],"wp:term":[{"taxonomy":"product_brand","embeddable":true,"href":"https:\/\/abrasivoszanata.com.br\/loja\/wp-json\/wp\/v2\/product_brand?post=238"},{"taxonomy":"product_cat","embeddable":true,"href":"https:\/\/abrasivoszanata.com.br\/loja\/wp-json\/wp\/v2\/product_cat?post=238"},{"taxonomy":"product_tag","embeddable":true,"href":"https:\/\/abrasivoszanata.com.br\/loja\/wp-json\/wp\/v2\/product_tag?post=238"}],"curies":[{"name":"wp","href":"https:\/\/api.w.org\/{rel}","templated":true}]}}