{"id":628,"date":"2020-10-13T19:43:23","date_gmt":"2020-10-13T22:43:23","guid":{"rendered":"http:\/\/abrasivoszanata.com.br\/loja\/?post_type=product&#038;p=628"},"modified":"2025-03-24T14:51:55","modified_gmt":"2025-03-24T17:51:55","slug":"cera-rosa-claro-tomaz-gomes-stgwaxfixadente-80gramas","status":"publish","type":"product","link":"https:\/\/abrasivoszanata.com.br\/loja\/produto\/cera-rosa-claro-tomaz-gomes-stgwaxfixadente-80gramas\/","title":{"rendered":"CERA ROSA CLARO TOMAZ GOMES STGWAXFIXADENTE 80GRAMAS"},"content":{"rendered":"<p>CERA ROSA CLARO TOMAZ GOMES STGWAXFIXADENTE 80GRAMAS<\/p>\n","protected":false},"excerpt":{"rendered":"<p>CERAS PARA FIXA\u00c7\u00c3O DO DENTES E CARACTERIZA\u00c7\u00c3O GENGIVAL<\/p>\n","protected":false},"featured_media":629,"template":"","meta":{"_acf_changed":false},"product_brand":[],"product_cat":[275],"product_tag":[],"class_list":{"0":"post-628","1":"product","2":"type-product","3":"status-publish","4":"has-post-thumbnail","6":"product_cat-ceras","8":"first","9":"instock","10":"shipping-taxable","11":"purchasable","12":"product-type-simple"},"acf":[],"_links":{"self":[{"href":"https:\/\/abrasivoszanata.com.br\/loja\/wp-json\/wp\/v2\/product\/628","targetHints":{"allow":["GET"]}}],"collection":[{"href":"https:\/\/abrasivoszanata.com.br\/loja\/wp-json\/wp\/v2\/product"}],"about":[{"href":"https:\/\/abrasivoszanata.com.br\/loja\/wp-json\/wp\/v2\/types\/product"}],"wp:featuredmedia":[{"embeddable":true,"href":"https:\/\/abrasivoszanata.com.br\/loja\/wp-json\/wp\/v2\/media\/629"}],"wp:attachment":[{"href":"https:\/\/abrasivoszanata.com.br\/loja\/wp-json\/wp\/v2\/media?parent=628"}],"wp:term":[{"taxonomy":"product_brand","embeddable":true,"href":"https:\/\/abrasivoszanata.com.br\/loja\/wp-json\/wp\/v2\/product_brand?post=628"},{"taxonomy":"product_cat","embeddable":true,"href":"https:\/\/abrasivoszanata.com.br\/loja\/wp-json\/wp\/v2\/product_cat?post=628"},{"taxonomy":"product_tag","embeddable":true,"href":"https:\/\/abrasivoszanata.com.br\/loja\/wp-json\/wp\/v2\/product_tag?post=628"}],"curies":[{"name":"wp","href":"https:\/\/api.w.org\/{rel}","templated":true}]}}