{"id":630,"date":"2020-10-13T20:02:15","date_gmt":"2020-10-13T23:02:15","guid":{"rendered":"http:\/\/abrasivoszanata.com.br\/loja\/?post_type=product&#038;p=630"},"modified":"2026-02-08T01:00:24","modified_gmt":"2026-02-08T04:00:24","slug":"cera-rosa-medio-tomaz-gomes-stgwaxfixadente-80gramas","status":"publish","type":"product","link":"https:\/\/abrasivoszanata.com.br\/loja\/produto\/cera-rosa-medio-tomaz-gomes-stgwaxfixadente-80gramas\/","title":{"rendered":"CERA ROSA M\u00c9DIO TOMAZ GOMES STGWAXFIXADENTE 80GRAMAS"},"content":{"rendered":"<p>CERA ROSA M\u00c9DIO TOMAZ GOMES STGWAXFIXADENTE 80GRAMAS<\/p>\n","protected":false},"excerpt":{"rendered":"<p>CERAS DE FIXA\u00c7\u00c3O E CARACTERIZA\u00c7\u00c3O GENGIVAL<\/p>\n","protected":false},"featured_media":631,"template":"","meta":{"_acf_changed":false},"product_brand":[],"product_cat":[275],"product_tag":[],"class_list":{"0":"post-630","1":"product","2":"type-product","3":"status-publish","4":"has-post-thumbnail","6":"product_cat-ceras","8":"first","9":"instock","10":"shipping-taxable","11":"purchasable","12":"product-type-simple"},"acf":[],"_links":{"self":[{"href":"https:\/\/abrasivoszanata.com.br\/loja\/wp-json\/wp\/v2\/product\/630","targetHints":{"allow":["GET"]}}],"collection":[{"href":"https:\/\/abrasivoszanata.com.br\/loja\/wp-json\/wp\/v2\/product"}],"about":[{"href":"https:\/\/abrasivoszanata.com.br\/loja\/wp-json\/wp\/v2\/types\/product"}],"wp:featuredmedia":[{"embeddable":true,"href":"https:\/\/abrasivoszanata.com.br\/loja\/wp-json\/wp\/v2\/media\/631"}],"wp:attachment":[{"href":"https:\/\/abrasivoszanata.com.br\/loja\/wp-json\/wp\/v2\/media?parent=630"}],"wp:term":[{"taxonomy":"product_brand","embeddable":true,"href":"https:\/\/abrasivoszanata.com.br\/loja\/wp-json\/wp\/v2\/product_brand?post=630"},{"taxonomy":"product_cat","embeddable":true,"href":"https:\/\/abrasivoszanata.com.br\/loja\/wp-json\/wp\/v2\/product_cat?post=630"},{"taxonomy":"product_tag","embeddable":true,"href":"https:\/\/abrasivoszanata.com.br\/loja\/wp-json\/wp\/v2\/product_tag?post=630"}],"curies":[{"name":"wp","href":"https:\/\/api.w.org\/{rel}","templated":true}]}}